{"id":41,"date":"2021-03-24T08:38:52","date_gmt":"2021-03-24T08:38:52","guid":{"rendered":"https:\/\/www.fnaec2021.org\/?page_id=41"},"modified":"2021-04-07T17:57:14","modified_gmt":"2021-04-07T17:57:14","slug":"acceuil","status":"publish","type":"page","link":"https:\/\/www.fnaec2021.org\/","title":{"rendered":"Accueil"},"content":{"rendered":"\t\t<div data-elementor-type=\"wp-page\" data-elementor-id=\"41\" class=\"elementor elementor-41\">\n\t\t\t\t\t\t<section class=\"has_eae_slider elementor-section elementor-top-section elementor-element elementor-element-eb8f288 elementor-section-boxed elementor-section-height-default elementor-section-height-default\" data-eae-slider=\"33158\" data-id=\"eb8f288\" data-element_type=\"section\" data-e-type=\"section\">\n\t\t\t\t\t\t<div class=\"elementor-container elementor-column-gap-default\">\n\t\t\t\t\t<div class=\"has_eae_slider elementor-column elementor-col-100 elementor-top-column elementor-element elementor-element-b7d5e9c\" data-eae-slider=\"89143\" data-id=\"b7d5e9c\" data-element_type=\"column\" data-e-type=\"column\">\n\t\t\t<div class=\"elementor-widget-wrap elementor-element-populated\">\n\t\t\t\t\t\t<div class=\"elementor-element elementor-element-773a62d elementor-widget elementor-widget-heading\" data-id=\"773a62d\" data-element_type=\"widget\" data-e-type=\"widget\" data-widget_type=\"heading.default\">\n\t\t\t\t<div class=\"elementor-widget-container\">\n\t\t\t\t\t<h4 class=\"elementor-heading-title elementor-size-default\">Message d'Accueil<\/h4>\t\t\t\t<\/div>\n\t\t\t\t<\/div>\n\t\t\t\t\t<\/div>\n\t\t<\/div>\n\t\t\t\t\t<\/div>\n\t\t<\/section>\n\t\t\t\t<section class=\"has_eae_slider elementor-section elementor-top-section elementor-element elementor-element-7d10e2a elementor-section-boxed elementor-section-height-default elementor-section-height-default\" data-eae-slider=\"44457\" data-id=\"7d10e2a\" data-element_type=\"section\" data-e-type=\"section\">\n\t\t\t\t\t\t<div class=\"elementor-container elementor-column-gap-default\">\n\t\t\t\t\t<div class=\"has_eae_slider elementor-column elementor-col-100 elementor-top-column elementor-element elementor-element-affcf9a\" data-eae-slider=\"84186\" data-id=\"affcf9a\" data-element_type=\"column\" data-e-type=\"column\">\n\t\t\t<div class=\"elementor-widget-wrap elementor-element-populated\">\n\t\t\t\t\t\t<div class=\"elementor-element elementor-element-1e7d931 elementor-widget elementor-widget-text-editor\" data-id=\"1e7d931\" data-element_type=\"widget\" data-e-type=\"widget\" data-widget_type=\"text-editor.default\">\n\t\t\t\t<div class=\"elementor-widget-container\">\n\t\t\t\t\t\t\t\t\t<p style=\"text-align: center;\"><em>Emm\u00e8ne-moi \u00e0 la magie du moment<\/em><br \/><em>Par une nuit de gloire<\/em><br \/><em>O\u00f9 les enfants de demain partagent leurs r\u00eaves<\/em><br \/><em>Avec toi et moi<\/em><br \/><em>Emm\u00e8ne-moi \u00e0 la magie du moment<\/em><br \/><em>Par une nuit de gloire<\/em><br \/><em>O\u00f9 les enfants de demain r\u00eavent<\/em><br \/><em>Dans le vent du changement<\/em><\/p><p style=\"text-align: center;\"><em>(Scorpions 1990)<\/em><\/p>\t\t\t\t\t\t\t\t<\/div>\n\t\t\t\t<\/div>\n\t\t\t\t\t<\/div>\n\t\t<\/div>\n\t\t\t\t\t<\/div>\n\t\t<\/section>\n\t\t\t\t<section class=\"has_eae_slider elementor-section elementor-top-section elementor-element elementor-element-c2d4009 elementor-section-boxed elementor-section-height-default elementor-section-height-default\" data-eae-slider=\"24248\" data-id=\"c2d4009\" data-element_type=\"section\" data-e-type=\"section\">\n\t\t\t\t\t\t<div class=\"elementor-container elementor-column-gap-default\">\n\t\t\t\t\t<div class=\"has_eae_slider elementor-column elementor-col-100 elementor-top-column elementor-element elementor-element-9b6dcf0\" data-eae-slider=\"3711\" data-id=\"9b6dcf0\" data-element_type=\"column\" data-e-type=\"column\">\n\t\t\t<div class=\"elementor-widget-wrap elementor-element-populated\">\n\t\t\t\t\t\t<div class=\"elementor-element elementor-element-cdec280 elementor-widget elementor-widget-text-editor\" data-id=\"cdec280\" data-element_type=\"widget\" data-e-type=\"widget\" data-widget_type=\"text-editor.default\">\n\t\t\t\t<div class=\"elementor-widget-container\">\n\t\t\t\t\t\t\t\t\t<p>Avec la citation ci-dessus, j&rsquo;invite tous les visiteurs de notre site Web \u00e0 lire nos pages et bien s\u00fbr \u00e0 soutenir notre travail.<\/p><p>En tant qu&rsquo;orpheline, je connais les grands besoins des enfants sans foyer, sans famille et sans avenir. Il a donc toujours \u00e9t\u00e9 pour moi une pr\u00e9occupation d\u2019aider les enfants dans le besoin et de leur montrer une perspective.<\/p><p>Mon parcours a commenc\u00e9 en 2019 lorsque je me suis impliqu\u00e9 dans la Vision d&rsquo;Esp\u00e9rance de la Vie Humaine ASBL et que j&rsquo;ai pu y r\u00e9aliser quelques petits projets. Malheureusement, le grand choc de la crise de Covid19 est survenu, ce qui nous a pratiquement paralys\u00e9s, et nous ne sommes donc apparus que marginalement. J&rsquo;ai \u00e9galement constat\u00e9 que les structures de l\u2019ASBL avaient beaucoup souffert pendant cette p\u00e9riode, c&rsquo;est pourquoi j&rsquo;ai d\u00e9cid\u00e9 de suivre ma propre voie.<\/p><p>Avec la cr\u00e9ation de ma propre fondation \u00abFondation Naomie Angelina &#8211; Elykya ya bana Congo (espoir pour les enfants du Congo), j&rsquo;ai franchi ma premi\u00e8re \u00e9tape.<\/p><p>Les griefs sociaux persistants au Congo ont besoin de beaucoup d&rsquo;aide pour \u00eatre \u00e9limin\u00e9s. Cela n\u00e9cessite la volont\u00e9 de tous les niveaux sociaux, mais certainement de ceux qui ont l&rsquo;influence n\u00e9cessaire dans le pays. Aux c\u00f4t\u00e9s de ces d\u00e9cideurs, la Fondation Naomie Angelina &#8211; Elykya ya bana Congo souhaite non seulement apporter son aide de mani\u00e8re s\u00e9lective par des dons en nature, mais souhaite \u00e9galement fournir l\u2019\u00e9ducation social et sanitaire, des instructions pour la vie quotidienne et des formations cibl\u00e9es.<\/p><p>Aider les gens \u00e0 s&rsquo;aider eux-m\u00eames est notre devise.<\/p><p>Le Congo est une terre de peuples fiers, qui dans le pass\u00e9 \u00e9taient non seulement exploit\u00e9s, mais aussi bless\u00e9s dans leur fiert\u00e9. La majorit\u00e9 des personnes concern\u00e9es consomment de l&rsquo;aide ext\u00e9rieure sans penser \u00e0 leur propre avenir ind\u00e9pendant. Nous essayons \u00e9galement d&rsquo;influencer cette fa\u00e7on de penser et de vivre avec notre fondation.<\/p><p>Il est donc tr\u00e8s important pour moi, en tant que fondatrice de la fondation, d&rsquo;avoir plus d&rsquo;influence sur cette aide \u00e0 l&rsquo;auto-assistance, et donc non seulement d&rsquo;aider les n\u00e9cessiteux, mais aussi d&rsquo;\u00e9veiller et d&rsquo;encourager leur responsabilit\u00e9 personnelle, afin qu&rsquo;ils puissent retrouver leur souverainet\u00e9. Par cons\u00e9quent, nos objectifs ambitieux sont certainement de donner un nouvel avenir aux personnes socialement d\u00e9favoris\u00e9es ou n\u00e9cessiteuses au moyen de centres de formation dans des r\u00e9gions structurellement faibles, gr\u00e2ce \u00e0 des \u00e9quipements appropri\u00e9s et \u00e0 la approvisionnement d&rsquo;installations auxiliaires et \u00e0 une campagne de sensibilisation.<\/p><p>Redonnez la magie du moment aux enfants du Congo et laissez-les partager leur r\u00eave avec nous.<\/p><p>J&rsquo;attends avec impatience votre opinion et surtout votre soutien.<\/p><p>Naomie Wipf<\/p>\t\t\t\t\t\t\t\t<\/div>\n\t\t\t\t<\/div>\n\t\t\t\t\t<\/div>\n\t\t<\/div>\n\t\t\t\t\t<\/div>\n\t\t<\/section>\n\t\t\t\t<section class=\"has_eae_slider elementor-section elementor-top-section elementor-element elementor-element-fef46e8 elementor-section-boxed elementor-section-height-default elementor-section-height-default\" data-eae-slider=\"46154\" data-id=\"fef46e8\" data-element_type=\"section\" data-e-type=\"section\">\n\t\t\t\t\t\t<div class=\"elementor-container elementor-column-gap-default\">\n\t\t\t\t\t<div class=\"has_eae_slider elementor-column elementor-col-100 elementor-top-column elementor-element elementor-element-1f34b07\" data-eae-slider=\"90753\" data-id=\"1f34b07\" data-element_type=\"column\" data-e-type=\"column\">\n\t\t\t<div class=\"elementor-widget-wrap elementor-element-populated\">\n\t\t\t\t\t\t<div class=\"elementor-element elementor-element-e51fc83 elementor-widget elementor-widget-spacer\" data-id=\"e51fc83\" data-element_type=\"widget\" data-e-type=\"widget\" data-widget_type=\"spacer.default\">\n\t\t\t\t<div class=\"elementor-widget-container\">\n\t\t\t\t\t\t\t<div class=\"elementor-spacer\">\n\t\t\t<div class=\"elementor-spacer-inner\"><\/div>\n\t\t<\/div>\n\t\t\t\t\t\t<\/div>\n\t\t\t\t<\/div>\n\t\t\t\t\t<\/div>\n\t\t<\/div>\n\t\t\t\t\t<\/div>\n\t\t<\/section>\n\t\t\t\t<section class=\"has_eae_slider elementor-section elementor-top-section elementor-element elementor-element-d96307f elementor-section-boxed elementor-section-height-default elementor-section-height-default\" data-eae-slider=\"83781\" data-id=\"d96307f\" data-element_type=\"section\" data-e-type=\"section\">\n\t\t\t\t\t\t<div class=\"elementor-container elementor-column-gap-default\">\n\t\t\t\t\t<div class=\"has_eae_slider elementor-column elementor-col-100 elementor-top-column elementor-element elementor-element-8e80f33\" data-eae-slider=\"30441\" data-id=\"8e80f33\" data-element_type=\"column\" data-e-type=\"column\">\n\t\t\t<div class=\"elementor-widget-wrap elementor-element-populated\">\n\t\t\t\t\t\t<div class=\"elementor-element elementor-element-2c2b56d elementor-widget elementor-widget-shortcode\" data-id=\"2c2b56d\" data-element_type=\"widget\" data-e-type=\"widget\" data-widget_type=\"shortcode.default\">\n\t\t\t\t<div class=\"elementor-widget-container\">\n\t\t\t\t\t\t\t<div class=\"elementor-shortcode\"><!-- Load Facebook SDK for JavaScript -->\n      <div id=\"fb-root\"><\/div>\n      <script>\n        window.fbAsyncInit = function() {\n          FB.init({\n            xfbml            : true,\n            version          : 'v10.0'\n          });\n        };\n\n        (function(d, s, id) {\n        var js, fjs = d.getElementsByTagName(s)[0];\n        if (d.getElementById(id)) return;\n        js = d.createElement(s); js.id = id;\n        js.src = 'https:\/\/connect.facebook.net\/fr_FR\/sdk\/xfbml.customerchat.js';\n        fjs.parentNode.insertBefore(js, fjs);\n      }(document, 'script', 'facebook-jssdk'));<\/script>\n\n      <!-- Your Chat Plugin code -->\n      <div class=\"fb-customerchat\"\n        attribution=\"setup_tool\"\n        page_id=\"623925314730105\"\n  logged_in_greeting=\"Bonjour, comment pouvons-nous vous aider?\"\n  logged_out_greeting=\"Bonjour, comment pouvons-nous vous aider?\">\n      <\/div><\/div>\n\t\t\t\t\t\t<\/div>\n\t\t\t\t<\/div>\n\t\t\t\t\t<\/div>\n\t\t<\/div>\n\t\t\t\t\t<\/div>\n\t\t<\/section>\n\t\t\t\t<\/div>\n\t\t","protected":false},"excerpt":{"rendered":"<p>Message d&rsquo;Accueil Emm\u00e8ne-moi \u00e0 la magie du momentPar une nuit de gloireO\u00f9 les enfants de demain partagent leurs r\u00eavesAvec toi [&hellip;]<\/p>\n","protected":false},"author":1,"featured_media":0,"parent":0,"menu_order":0,"comment_status":"closed","ping_status":"closed","template":"","meta":{"om_disable_all_campaigns":false,"_monsterinsights_skip_tracking":false,"_monsterinsights_sitenote_active":false,"_monsterinsights_sitenote_note":"","_monsterinsights_sitenote_category":0,"footnotes":""},"class_list":["post-41","page","type-page","status-publish","hentry"],"aioseo_notices":[],"_links":{"self":[{"href":"https:\/\/www.fnaec2021.org\/index.php\/wp-json\/wp\/v2\/pages\/41","targetHints":{"allow":["GET"]}}],"collection":[{"href":"https:\/\/www.fnaec2021.org\/index.php\/wp-json\/wp\/v2\/pages"}],"about":[{"href":"https:\/\/www.fnaec2021.org\/index.php\/wp-json\/wp\/v2\/types\/page"}],"author":[{"embeddable":true,"href":"https:\/\/www.fnaec2021.org\/index.php\/wp-json\/wp\/v2\/users\/1"}],"replies":[{"embeddable":true,"href":"https:\/\/www.fnaec2021.org\/index.php\/wp-json\/wp\/v2\/comments?post=41"}],"version-history":[{"count":36,"href":"https:\/\/www.fnaec2021.org\/index.php\/wp-json\/wp\/v2\/pages\/41\/revisions"}],"predecessor-version":[{"id":377,"href":"https:\/\/www.fnaec2021.org\/index.php\/wp-json\/wp\/v2\/pages\/41\/revisions\/377"}],"wp:attachment":[{"href":"https:\/\/www.fnaec2021.org\/index.php\/wp-json\/wp\/v2\/media?parent=41"}],"curies":[{"name":"wp","href":"https:\/\/api.w.org\/{rel}","templated":true}]}}