{"id":43,"date":"2021-03-24T08:49:17","date_gmt":"2021-03-24T08:49:17","guid":{"rendered":"https:\/\/www.fnaec2021.org\/?page_id=43"},"modified":"2021-03-28T12:41:21","modified_gmt":"2021-03-28T12:41:21","slug":"a-propos-de-nous","status":"publish","type":"page","link":"https:\/\/www.fnaec2021.org\/index.php\/a-propos-de-nous\/","title":{"rendered":"\u00c0 propos de nous"},"content":{"rendered":"\t\t<div data-elementor-type=\"wp-page\" data-elementor-id=\"43\" class=\"elementor elementor-43\">\n\t\t\t\t\t\t<section class=\"has_eae_slider elementor-section elementor-top-section elementor-element elementor-element-686f0b6 elementor-section-boxed elementor-section-height-default elementor-section-height-default\" data-eae-slider=\"48330\" data-id=\"686f0b6\" data-element_type=\"section\" data-e-type=\"section\">\n\t\t\t\t\t\t<div class=\"elementor-container elementor-column-gap-default\">\n\t\t\t\t\t<div class=\"has_eae_slider elementor-column elementor-col-100 elementor-top-column elementor-element elementor-element-51b975d\" data-eae-slider=\"9906\" data-id=\"51b975d\" data-element_type=\"column\" data-e-type=\"column\">\n\t\t\t<div class=\"elementor-widget-wrap elementor-element-populated\">\n\t\t\t\t\t\t<div class=\"elementor-element elementor-element-4a4cd13 elementor-widget elementor-widget-text-editor\" data-id=\"4a4cd13\" data-element_type=\"widget\" data-e-type=\"widget\" data-widget_type=\"text-editor.default\">\n\t\t\t\t<div class=\"elementor-widget-container\">\n\t\t\t\t\t\t\t\t\t<p>Dans cette section, vous trouverez tout ce que vous devez savoir sur notre organisation en RDC et \u00e0 l&rsquo;\u00e9tranger.<\/p><p>Cela inclut \u00e9galement nos l\u00e9gitimations et les emplacements de nos bureaux.<\/p><p>Vous pouvez \u00e9galement nous trouver sur diff\u00e9rentes pages des m\u00e9dias sociaux. Pour ce faire, s\u00e9lectionnez la page souhait\u00e9e dans la colonne de menu \u00e0 droite dans la rubrique \u00abDisponible sur:\u00bb et inscrivez-vous l\u00e0-bas.<\/p><p>Vous pouvez nous \u00e9crire \u00e0 tout moment. Contactez-nous par e-mail ou appuyez sur le bouton de chat. Nous vous r\u00e9pondrons dans les plus brefs d\u00e9lais.<\/p>\t\t\t\t\t\t\t\t<\/div>\n\t\t\t\t<\/div>\n\t\t\t\t\t<\/div>\n\t\t<\/div>\n\t\t\t\t\t<\/div>\n\t\t<\/section>\n\t\t\t\t<section class=\"has_eae_slider elementor-section elementor-top-section elementor-element elementor-element-7881cbc elementor-section-boxed elementor-section-height-default elementor-section-height-default\" data-eae-slider=\"42942\" data-id=\"7881cbc\" data-element_type=\"section\" data-e-type=\"section\">\n\t\t\t\t\t\t<div class=\"elementor-container elementor-column-gap-default\">\n\t\t\t\t\t<div class=\"has_eae_slider elementor-column elementor-col-100 elementor-top-column elementor-element elementor-element-e8bb821\" data-eae-slider=\"82169\" data-id=\"e8bb821\" data-element_type=\"column\" data-e-type=\"column\">\n\t\t\t<div class=\"elementor-widget-wrap elementor-element-populated\">\n\t\t\t\t\t\t<div class=\"elementor-element elementor-element-85ac4ca elementor-widget elementor-widget-html\" data-id=\"85ac4ca\" data-element_type=\"widget\" data-e-type=\"widget\" data-widget_type=\"html.default\">\n\t\t\t\t<div class=\"elementor-widget-container\">\n\t\t\t\t\t<!-- Load Facebook SDK for JavaScript -->\n      <div id=\"fb-root\"><\/div>\n      <script>\n        window.fbAsyncInit = function() {\n          FB.init({\n            xfbml            : true,\n            version          : 'v10.0'\n          });\n        };\n\n        (function(d, s, id) {\n        var js, fjs = d.getElementsByTagName(s)[0];\n        if (d.getElementById(id)) return;\n        js = d.createElement(s); js.id = id;\n        js.src = 'https:\/\/connect.facebook.net\/fr_FR\/sdk\/xfbml.customerchat.js';\n        fjs.parentNode.insertBefore(js, fjs);\n      }(document, 'script', 'facebook-jssdk'));<\/script>\n\n      <!-- Your Chat Plugin code -->\n      <div class=\"fb-customerchat\"\n        attribution=\"setup_tool\"\n        page_id=\"623925314730105\"\n  logged_in_greeting=\"Bonjour, comment pouvons-nous vous aider?\"\n  logged_out_greeting=\"Bonjour, comment pouvons-nous vous aider?\">\n      <\/div>\n      \t\t\t\t<\/div>\n\t\t\t\t<\/div>\n\t\t\t\t\t<\/div>\n\t\t<\/div>\n\t\t\t\t\t<\/div>\n\t\t<\/section>\n\t\t\t\t<\/div>\n\t\t","protected":false},"excerpt":{"rendered":"<p>Dans cette section, vous trouverez tout ce que vous devez savoir sur notre organisation en RDC et \u00e0 l&rsquo;\u00e9tranger. Cela [&hellip;]<\/p>\n","protected":false},"author":1,"featured_media":0,"parent":0,"menu_order":0,"comment_status":"closed","ping_status":"closed","template":"","meta":{"om_disable_all_campaigns":false,"_monsterinsights_skip_tracking":false,"_monsterinsights_sitenote_active":false,"_monsterinsights_sitenote_note":"","_monsterinsights_sitenote_category":0,"footnotes":""},"class_list":["post-43","page","type-page","status-publish","hentry"],"aioseo_notices":[],"_links":{"self":[{"href":"https:\/\/www.fnaec2021.org\/index.php\/wp-json\/wp\/v2\/pages\/43","targetHints":{"allow":["GET"]}}],"collection":[{"href":"https:\/\/www.fnaec2021.org\/index.php\/wp-json\/wp\/v2\/pages"}],"about":[{"href":"https:\/\/www.fnaec2021.org\/index.php\/wp-json\/wp\/v2\/types\/page"}],"author":[{"embeddable":true,"href":"https:\/\/www.fnaec2021.org\/index.php\/wp-json\/wp\/v2\/users\/1"}],"replies":[{"embeddable":true,"href":"https:\/\/www.fnaec2021.org\/index.php\/wp-json\/wp\/v2\/comments?post=43"}],"version-history":[{"count":10,"href":"https:\/\/www.fnaec2021.org\/index.php\/wp-json\/wp\/v2\/pages\/43\/revisions"}],"predecessor-version":[{"id":231,"href":"https:\/\/www.fnaec2021.org\/index.php\/wp-json\/wp\/v2\/pages\/43\/revisions\/231"}],"wp:attachment":[{"href":"https:\/\/www.fnaec2021.org\/index.php\/wp-json\/wp\/v2\/media?parent=43"}],"curies":[{"name":"wp","href":"https:\/\/api.w.org\/{rel}","templated":true}]}}