{"id":51,"date":"2021-03-24T08:53:06","date_gmt":"2021-03-24T08:53:06","guid":{"rendered":"https:\/\/www.fnaec2021.org\/?page_id=51"},"modified":"2021-04-05T12:47:19","modified_gmt":"2021-04-05T12:47:19","slug":"nos-buts","status":"publish","type":"page","link":"https:\/\/www.fnaec2021.org\/index.php\/nos-buts\/","title":{"rendered":"Nos buts"},"content":{"rendered":"\t\t<div data-elementor-type=\"wp-page\" data-elementor-id=\"51\" class=\"elementor elementor-51\">\n\t\t\t\t\t\t<section class=\"has_eae_slider elementor-section elementor-top-section elementor-element elementor-element-a54fd90 elementor-section-boxed elementor-section-height-default elementor-section-height-default\" data-eae-slider=\"3013\" data-id=\"a54fd90\" data-element_type=\"section\" data-e-type=\"section\">\n\t\t\t\t\t\t<div class=\"elementor-container elementor-column-gap-default\">\n\t\t\t\t\t<div class=\"has_eae_slider elementor-column elementor-col-100 elementor-top-column elementor-element elementor-element-191b828\" data-eae-slider=\"88914\" data-id=\"191b828\" data-element_type=\"column\" data-e-type=\"column\">\n\t\t\t<div class=\"elementor-widget-wrap elementor-element-populated\">\n\t\t\t\t\t\t<div class=\"elementor-element elementor-element-6039a5b elementor-invisible elementor-widget elementor-widget-heading\" data-id=\"6039a5b\" data-element_type=\"widget\" data-e-type=\"widget\" data-settings=\"{&quot;_animation&quot;:&quot;fadeInLeft&quot;}\" data-widget_type=\"heading.default\">\n\t\t\t\t<div class=\"elementor-widget-container\">\n\t\t\t\t\t<h4 class=\"elementor-heading-title elementor-size-default\">Aider les gens \u00e0 s'aider eux-m\u00eames \nest notre devise.<\/h4>\t\t\t\t<\/div>\n\t\t\t\t<\/div>\n\t\t\t\t\t<\/div>\n\t\t<\/div>\n\t\t\t\t\t<\/div>\n\t\t<\/section>\n\t\t\t\t<section class=\"has_eae_slider elementor-section elementor-top-section elementor-element elementor-element-5b8c2c0 elementor-section-boxed elementor-section-height-default elementor-section-height-default\" data-eae-slider=\"90551\" data-id=\"5b8c2c0\" data-element_type=\"section\" data-e-type=\"section\">\n\t\t\t\t\t\t<div class=\"elementor-container elementor-column-gap-default\">\n\t\t\t\t\t<div class=\"has_eae_slider elementor-column elementor-col-100 elementor-top-column elementor-element elementor-element-ec46d86\" data-eae-slider=\"22588\" data-id=\"ec46d86\" data-element_type=\"column\" data-e-type=\"column\">\n\t\t\t<div class=\"elementor-widget-wrap elementor-element-populated\">\n\t\t\t\t\t\t<div class=\"elementor-element elementor-element-7d5171e elementor-widget elementor-widget-spacer\" data-id=\"7d5171e\" data-element_type=\"widget\" data-e-type=\"widget\" data-widget_type=\"spacer.default\">\n\t\t\t\t<div class=\"elementor-widget-container\">\n\t\t\t\t\t\t\t<div class=\"elementor-spacer\">\n\t\t\t<div class=\"elementor-spacer-inner\"><\/div>\n\t\t<\/div>\n\t\t\t\t\t\t<\/div>\n\t\t\t\t<\/div>\n\t\t\t\t\t<\/div>\n\t\t<\/div>\n\t\t\t\t\t<\/div>\n\t\t<\/section>\n\t\t\t\t<section class=\"has_eae_slider elementor-section elementor-top-section elementor-element elementor-element-039012f elementor-section-boxed elementor-section-height-default elementor-section-height-default\" data-eae-slider=\"45455\" data-id=\"039012f\" data-element_type=\"section\" data-e-type=\"section\">\n\t\t\t\t\t\t<div class=\"elementor-container elementor-column-gap-default\">\n\t\t\t\t\t<div class=\"has_eae_slider elementor-column elementor-col-100 elementor-top-column elementor-element elementor-element-4493379\" data-eae-slider=\"75874\" data-id=\"4493379\" data-element_type=\"column\" data-e-type=\"column\">\n\t\t\t<div class=\"elementor-widget-wrap elementor-element-populated\">\n\t\t\t\t\t\t<div class=\"elementor-element elementor-element-42ac91f elementor-widget elementor-widget-heading\" data-id=\"42ac91f\" data-element_type=\"widget\" data-e-type=\"widget\" data-widget_type=\"heading.default\">\n\t\t\t\t<div class=\"elementor-widget-container\">\n\t\t\t\t\t<h2 class=\"elementor-heading-title elementor-size-default\">Nos domaines d'intervention:<\/h2>\t\t\t\t<\/div>\n\t\t\t\t<\/div>\n\t\t\t\t\t<\/div>\n\t\t<\/div>\n\t\t\t\t\t<\/div>\n\t\t<\/section>\n\t\t\t\t<section class=\"has_eae_slider elementor-section elementor-top-section elementor-element elementor-element-fcf3a89 elementor-section-boxed elementor-section-height-default elementor-section-height-default\" data-eae-slider=\"28939\" data-id=\"fcf3a89\" data-element_type=\"section\" data-e-type=\"section\">\n\t\t\t\t\t\t<div class=\"elementor-container elementor-column-gap-default\">\n\t\t\t\t\t<div class=\"has_eae_slider elementor-column elementor-col-100 elementor-top-column elementor-element elementor-element-1481062\" data-eae-slider=\"21438\" data-id=\"1481062\" data-element_type=\"column\" data-e-type=\"column\">\n\t\t\t<div class=\"elementor-widget-wrap elementor-element-populated\">\n\t\t\t\t\t\t<div class=\"elementor-element elementor-element-aed470b elementor-widget elementor-widget-text-editor\" data-id=\"aed470b\" data-element_type=\"widget\" data-e-type=\"widget\" data-widget_type=\"text-editor.default\">\n\t\t\t\t<div class=\"elementor-widget-container\">\n\t\t\t\t\t\t\t\t\t<ul><li>environnement<\/li><li>sant\u00e9<\/li><li>assistance sociale<\/li><li>\u00e9ducation<\/li><\/ul>\t\t\t\t\t\t\t\t<\/div>\n\t\t\t\t<\/div>\n\t\t\t\t\t<\/div>\n\t\t<\/div>\n\t\t\t\t\t<\/div>\n\t\t<\/section>\n\t\t\t\t<section class=\"has_eae_slider elementor-section elementor-top-section elementor-element elementor-element-a2ae040 elementor-section-boxed elementor-section-height-default elementor-section-height-default\" data-eae-slider=\"60983\" data-id=\"a2ae040\" data-element_type=\"section\" data-e-type=\"section\">\n\t\t\t\t\t\t<div class=\"elementor-container elementor-column-gap-default\">\n\t\t\t\t\t<div class=\"has_eae_slider elementor-column elementor-col-100 elementor-top-column elementor-element elementor-element-96765ac\" data-eae-slider=\"12322\" data-id=\"96765ac\" data-element_type=\"column\" data-e-type=\"column\">\n\t\t\t<div class=\"elementor-widget-wrap elementor-element-populated\">\n\t\t\t\t\t\t<div class=\"elementor-element elementor-element-fac752c elementor-widget elementor-widget-heading\" data-id=\"fac752c\" data-element_type=\"widget\" data-e-type=\"widget\" data-widget_type=\"heading.default\">\n\t\t\t\t<div class=\"elementor-widget-container\">\n\t\t\t\t\t<h2 class=\"elementor-heading-title elementor-size-default\">Nos objectifs:<\/h2>\t\t\t\t<\/div>\n\t\t\t\t<\/div>\n\t\t\t\t\t<\/div>\n\t\t<\/div>\n\t\t\t\t\t<\/div>\n\t\t<\/section>\n\t\t\t\t<section class=\"has_eae_slider elementor-section elementor-top-section elementor-element elementor-element-e3c9a7f elementor-section-boxed elementor-section-height-default elementor-section-height-default\" data-eae-slider=\"38062\" data-id=\"e3c9a7f\" data-element_type=\"section\" data-e-type=\"section\">\n\t\t\t\t\t\t<div class=\"elementor-container elementor-column-gap-default\">\n\t\t\t\t\t<div class=\"has_eae_slider elementor-column elementor-col-100 elementor-top-column elementor-element elementor-element-b1e5e5d\" data-eae-slider=\"54435\" data-id=\"b1e5e5d\" data-element_type=\"column\" data-e-type=\"column\">\n\t\t\t<div class=\"elementor-widget-wrap elementor-element-populated\">\n\t\t\t\t\t\t<div class=\"elementor-element elementor-element-e6abd6e elementor-widget elementor-widget-text-editor\" data-id=\"e6abd6e\" data-element_type=\"widget\" data-e-type=\"widget\" data-widget_type=\"text-editor.default\">\n\t\t\t\t<div class=\"elementor-widget-container\">\n\t\t\t\t\t\t\t\t\t<ol><li><p><span style=\"color: #000000;\"><span style=\"font-family: Trebuchet MS, sans-serif;\"><span style=\"font-size: small;\"><span style=\"font-family: Noto Sans; font-size: 12pt;\">D\u00e9fendre et promouvoir les int\u00e9r\u00eats de la population dans le domaine de la sant\u00e9, la lutte contre l\u2019insalubrit\u00e9 publique pour l\u2019assainissement de l\u2019environnement<\/span> ;<\/span><\/span><\/span><\/p><\/li><li><p>Renforcer les liens de solidarit\u00e9s entre ses membres et les tiers ;<\/p><\/li><li><p>Lutter contre la malnutrition ;<\/p><\/li><li><p>\u00c9duquer la masse sur les infections sexuellement transmissibles (IST) et le V.I.H\/SIDA ;<\/p><\/li><li><p>Lutter contre I.V.G (Interruption volontaire de la grossesse) les avortements criminels ;<\/p><\/li><li><p>\u00c9duquer la population congolaise sur les naissances ind\u00e9sirables ;<\/p><\/li><li><p align=\"justify\"><span style=\"color: #000000;\"><span style=\"font-family: Trebuchet MS, sans-serif;\"><span style=\"font-size: small;\"><span style=\"font-family: Noto Sans; font-size: 12pt;\">Combattre l\u2019analphab\u00e9tisme et tout autre d\u00e9ficit dans le domaine de l\u2019\u00e9du-cation ;<\/span><br \/><\/span><\/span><\/span><\/p><\/li><li><p align=\"justify\"><span style=\"color: #000000; font-family: Noto Sans; font-size: 12pt;\">Emanciper la femme, \u00e9panouir l\u2019enfant et promouvoir la famille, notamment par l\u2019organisation des s\u00e9ances de sensibilisation aux droits de la femme et de la famille, l\u2019apprentissage des m\u00e9tiers et la cr\u00e9ation des coop\u00e9ratives de d\u00e9veloppement ;<br \/><\/span><\/p><\/li><li><p>Projets durables dans le domaine de la sant\u00e9, de l&rsquo;environnement, de l&rsquo;approvisionnement en eau et du traitement de l&rsquo;eau, du recyclage des d\u00e9chets, du recyclage et de l&rsquo;autosuffisance (agriculture ou artisanat).<\/p><\/li><\/ol>\t\t\t\t\t\t\t\t<\/div>\n\t\t\t\t<\/div>\n\t\t\t\t\t<\/div>\n\t\t<\/div>\n\t\t\t\t\t<\/div>\n\t\t<\/section>\n\t\t\t\t<\/div>\n\t\t","protected":false},"excerpt":{"rendered":"<p>Aider les gens \u00e0 s&rsquo;aider eux-m\u00eames est notre devise. Nos domaines d&rsquo;intervention: environnement sant\u00e9 assistance sociale \u00e9ducation Nos objectifs: D\u00e9fendre [&hellip;]<\/p>\n","protected":false},"author":1,"featured_media":0,"parent":0,"menu_order":0,"comment_status":"closed","ping_status":"closed","template":"","meta":{"om_disable_all_campaigns":false,"_monsterinsights_skip_tracking":false,"_monsterinsights_sitenote_active":false,"_monsterinsights_sitenote_note":"","_monsterinsights_sitenote_category":0,"footnotes":""},"class_list":["post-51","page","type-page","status-publish","hentry"],"aioseo_notices":[],"_links":{"self":[{"href":"https:\/\/www.fnaec2021.org\/index.php\/wp-json\/wp\/v2\/pages\/51","targetHints":{"allow":["GET"]}}],"collection":[{"href":"https:\/\/www.fnaec2021.org\/index.php\/wp-json\/wp\/v2\/pages"}],"about":[{"href":"https:\/\/www.fnaec2021.org\/index.php\/wp-json\/wp\/v2\/types\/page"}],"author":[{"embeddable":true,"href":"https:\/\/www.fnaec2021.org\/index.php\/wp-json\/wp\/v2\/users\/1"}],"replies":[{"embeddable":true,"href":"https:\/\/www.fnaec2021.org\/index.php\/wp-json\/wp\/v2\/comments?post=51"}],"version-history":[{"count":11,"href":"https:\/\/www.fnaec2021.org\/index.php\/wp-json\/wp\/v2\/pages\/51\/revisions"}],"predecessor-version":[{"id":372,"href":"https:\/\/www.fnaec2021.org\/index.php\/wp-json\/wp\/v2\/pages\/51\/revisions\/372"}],"wp:attachment":[{"href":"https:\/\/www.fnaec2021.org\/index.php\/wp-json\/wp\/v2\/media?parent=51"}],"curies":[{"name":"wp","href":"https:\/\/api.w.org\/{rel}","templated":true}]}}