{"id":57,"date":"2021-03-24T08:55:53","date_gmt":"2021-03-24T08:55:53","guid":{"rendered":"https:\/\/www.fnaec2021.org\/?page_id=57"},"modified":"2021-03-31T13:23:53","modified_gmt":"2021-03-31T13:23:53","slug":"a-propos-de-notre-travail","status":"publish","type":"page","link":"https:\/\/www.fnaec2021.org\/index.php\/a-propos-de-notre-travail\/","title":{"rendered":"\u00c0 propos de notre travail"},"content":{"rendered":"\t\t<div data-elementor-type=\"wp-page\" data-elementor-id=\"57\" class=\"elementor elementor-57\">\n\t\t\t\t\t\t<section class=\"has_eae_slider elementor-section elementor-top-section elementor-element elementor-element-4bafc53 elementor-section-boxed elementor-section-height-default elementor-section-height-default\" data-eae-slider=\"18379\" data-id=\"4bafc53\" data-element_type=\"section\" data-e-type=\"section\">\n\t\t\t\t\t\t<div class=\"elementor-container elementor-column-gap-default\">\n\t\t\t\t\t<div class=\"has_eae_slider elementor-column elementor-col-100 elementor-top-column elementor-element elementor-element-3ef7a6f\" data-eae-slider=\"86782\" data-id=\"3ef7a6f\" data-element_type=\"column\" data-e-type=\"column\">\n\t\t\t<div class=\"elementor-widget-wrap elementor-element-populated\">\n\t\t\t\t\t\t<div class=\"elementor-element elementor-element-81fe744 elementor-widget elementor-widget-text-editor\" data-id=\"81fe744\" data-element_type=\"widget\" data-e-type=\"widget\" data-widget_type=\"text-editor.default\">\n\t\t\t\t<div class=\"elementor-widget-container\">\n\t\t\t\t\t\t\t\t\t<p><span style=\"text-decoration: underline; font-size: 14pt;\"><strong>L&rsquo;Utilisation des fonds<\/strong><\/span><\/p><p>Les fonds re\u00e7us sont utilis\u00e9s en fonction de nos objectifs et domaines d&rsquo;intervention.<\/p><p><span style=\"text-decoration: underline; font-size: 14pt;\"><strong>Des Publications<\/strong><\/span><\/p><p>Les sponsors et les membres re\u00e7oivent r\u00e9guli\u00e8rement des rapports sur les projets, nos campagnes ou nos nouvelles collaborations.<\/p><p>Vous pouvez trouver les derni\u00e8res nouvelles dans la section \u00ab\u00a0Articles\u00a0\u00bb, o\u00f9 vous \u00eates invit\u00e9s \u00e0 \u00e9crire votre impression ou suggestion sous forme de commentaire. Nous attendons toujours avec impatience les r\u00e9actions sur la base desquelles nous pourrons am\u00e9liorer notre travail.<\/p><p>Les projets ou actions plus petits ne sont pas r\u00e9pertori\u00e9s sur une page distincte avec une galerie. Les projets plus importants, cependant, sont publi\u00e9s individuellement car ils peuvent g\u00e9n\u00e9ralement durer des ann\u00e9es.<\/p><p>Nous publions \u00e9galement autant que possible sur les r\u00e9seaux sociaux. Cependant, en toutes circonstances, nous nous basons sur notre site Web comme base de toutes les informations.<\/p><p><span style=\"text-decoration: underline; font-size: 14pt;\"><strong>De la demande d&rsquo;action<\/strong><\/span><\/p><p>Veuillez envoyer des propositions de projets ou des demandes d&rsquo;actions d&rsquo;aide en utilisant le <a title=\"Nous contacter\" href=\"https:\/\/www.fnaec2021.org\/index.php\/nous-contacter\/\" target=\"_blank\" rel=\"noopener\">formulaire de contact<\/a> ou directement par e-mail \u00e0 notre <a href=\"mailto:naomie@fnaec2021.org\">pr\u00e9sidente<\/a>.<\/p><p><span style=\"text-decoration: underline; font-size: 14pt;\"><strong>Des dons<\/strong><\/span><\/p><p>Veuillez envoyer vos demandes concernant les dons ou les r\u00e9compenses de projets avec engagement de financement exclusivement \u00e0 <a href=\"mailto:don@fnaec2021.org\">don@fnaec2021.org<\/a><\/p><p>Sur la page \u00ab<a title=\"Faire un don\" href=\"https:\/\/www.fnaec2021.org\/index.php\/faire-un-don\/\" target=\"_blank\" rel=\"noopener\">Faire un don<\/a>\u00bb, vous trouverez des informations sur nos coordonn\u00e9es bancaires, l&rsquo;argent mobile en Suisse et en RD Congo, et les dons via PayPal \/ carte de cr\u00e9dit en USD ou CHF. Si vous avez des questions sur ces options, veuillez \u00e9galement contacter <a href=\"mailto:don@fnaec2021.org\">don@fnaec2021.org<\/a><\/p><p>Outre, dans le menu principal, il y a aussi un \u00ab\u00a0bouton rapide\u00a0\u00bb pour les dons en USD via PayPal ou cartes de cr\u00e9dit.<\/p>\t\t\t\t\t\t\t\t<\/div>\n\t\t\t\t<\/div>\n\t\t\t\t\t<\/div>\n\t\t<\/div>\n\t\t\t\t\t<\/div>\n\t\t<\/section>\n\t\t\t\t<\/div>\n\t\t","protected":false},"excerpt":{"rendered":"<p>L&rsquo;Utilisation des fonds Les fonds re\u00e7us sont utilis\u00e9s en fonction de nos objectifs et domaines d&rsquo;intervention. Des Publications Les sponsors [&hellip;]<\/p>\n","protected":false},"author":1,"featured_media":0,"parent":0,"menu_order":0,"comment_status":"closed","ping_status":"closed","template":"","meta":{"om_disable_all_campaigns":false,"_monsterinsights_skip_tracking":false,"_monsterinsights_sitenote_active":false,"_monsterinsights_sitenote_note":"","_monsterinsights_sitenote_category":0,"footnotes":""},"class_list":["post-57","page","type-page","status-publish","hentry"],"aioseo_notices":[],"_links":{"self":[{"href":"https:\/\/www.fnaec2021.org\/index.php\/wp-json\/wp\/v2\/pages\/57","targetHints":{"allow":["GET"]}}],"collection":[{"href":"https:\/\/www.fnaec2021.org\/index.php\/wp-json\/wp\/v2\/pages"}],"about":[{"href":"https:\/\/www.fnaec2021.org\/index.php\/wp-json\/wp\/v2\/types\/page"}],"author":[{"embeddable":true,"href":"https:\/\/www.fnaec2021.org\/index.php\/wp-json\/wp\/v2\/users\/1"}],"replies":[{"embeddable":true,"href":"https:\/\/www.fnaec2021.org\/index.php\/wp-json\/wp\/v2\/comments?post=57"}],"version-history":[{"count":10,"href":"https:\/\/www.fnaec2021.org\/index.php\/wp-json\/wp\/v2\/pages\/57\/revisions"}],"predecessor-version":[{"id":318,"href":"https:\/\/www.fnaec2021.org\/index.php\/wp-json\/wp\/v2\/pages\/57\/revisions\/318"}],"wp:attachment":[{"href":"https:\/\/www.fnaec2021.org\/index.php\/wp-json\/wp\/v2\/media?parent=57"}],"curies":[{"name":"wp","href":"https:\/\/api.w.org\/{rel}","templated":true}]}}